{"id":112,"date":"2026-02-03T15:12:27","date_gmt":"2026-02-03T15:12:27","guid":{"rendered":"https:\/\/lightseagreen-pig-868220.hostingersite.com\/?page_id=112"},"modified":"2026-02-24T08:53:50","modified_gmt":"2026-02-24T08:53:50","slug":"our-factory","status":"publish","type":"page","link":"https:\/\/jewelrypackage.com\/it\/our-factory\/","title":{"rendered":"La nostra fabbrica"},"content":{"rendered":"<div data-elementor-type=\"wp-page\" data-elementor-id=\"112\" class=\"elementor elementor-112\" data-elementor-post-type=\"page\">\n\t\t\t\t\t\t<section class=\"elementor-section elementor-top-section elementor-element elementor-element-931c4de elementor-section-boxed elementor-section-height-default elementor-section-height-default\" data-id=\"931c4de\" data-element_type=\"section\" data-e-type=\"section\" data-settings=\"{&quot;background_background&quot;:&quot;classic&quot;}\">\n\t\t\t\t\t\t\t<div class=\"elementor-background-overlay\"><\/div>\n\t\t\t\t\t\t\t<div class=\"elementor-container elementor-column-gap-default\">\n\t\t\t\t\t<div class=\"elementor-column elementor-col-100 elementor-top-column elementor-element elementor-element-4ec78da\" data-id=\"4ec78da\" data-element_type=\"column\" data-e-type=\"column\" data-settings=\"{&quot;background_background&quot;:&quot;classic&quot;}\">\n\t\t\t<div class=\"elementor-widget-wrap elementor-element-populated\">\n\t\t\t\t\t\t<div class=\"elementor-element elementor-element-39cd77c elementor-widget__width-initial elementor-invisible elementor-widget elementor-widget-heading\" data-id=\"39cd77c\" data-element_type=\"widget\" data-e-type=\"widget\" data-settings=\"{&quot;_animation&quot;:&quot;fadeInUp&quot;}\" data-widget_type=\"heading.default\">\n\t\t\t\t\t<h1 class=\"elementor-heading-title elementor-size-default\">La nostra fabbrica<\/h1>\t\t\t\t<\/div>\n\t\t\t\t<div class=\"elementor-element elementor-element-243712a elementor-invisible elementor-widget elementor-widget-heading\" data-id=\"243712a\" data-element_type=\"widget\" data-e-type=\"widget\" data-settings=\"{&quot;_animation&quot;:&quot;fadeInUp&quot;,&quot;_animation_delay&quot;:200}\" data-widget_type=\"heading.default\">\n\t\t\t\t\t<h4 class=\"elementor-heading-title elementor-size-default\">Soluzioni di imballaggio ed esposizione per marchi di gioielli.<\/h4>\t\t\t\t<\/div>\n\t\t\t\t\t<\/div>\n\t\t<\/div>\n\t\t\t\t\t<\/div>\n\t\t<\/section>\n\t\t<div class=\"elementor-element elementor-element-e0510f3 e-flex e-con-boxed e-con e-parent\" data-id=\"e0510f3\" data-element_type=\"container\" data-e-type=\"container\">\n\t\t\t\t\t<div class=\"e-con-inner\">\n\t\t<div class=\"elementor-element elementor-element-f1a0a39 e-con-full e-flex e-con e-child\" data-id=\"f1a0a39\" data-element_type=\"container\" data-e-type=\"container\">\n\t\t\t\t<div class=\"elementor-element elementor-element-17dccb7 elementor-widget elementor-widget-image\" data-id=\"17dccb7\" data-element_type=\"widget\" data-e-type=\"widget\" data-widget_type=\"image.default\">\n\t\t\t\t\t\t\t\t\t\t\t\t\t\t\t<img fetchpriority=\"high\" decoding=\"async\" width=\"800\" height=\"534\" src=\"https:\/\/jewelrypackage.com\/wp-content\/uploads\/2026\/02\/big-packing-factory--1024x683.jpg\" class=\"attachment-large size-large wp-image-510\" alt=\"grande fabbrica di imballaggi\" srcset=\"https:\/\/jewelrypackage.com\/wp-content\/uploads\/2026\/02\/big-packing-factory--1024x683.jpg.webp 1024w, https:\/\/jewelrypackage.com\/wp-content\/uploads\/2026\/02\/big-packing-factory--600x400.jpg.webp 600w, https:\/\/jewelrypackage.com\/wp-content\/uploads\/2026\/02\/big-packing-factory--300x200.jpg.webp 300w, https:\/\/jewelrypackage.com\/wp-content\/uploads\/2026\/02\/big-packing-factory--768x512.jpg.webp 768w, https:\/\/jewelrypackage.com\/wp-content\/uploads\/2026\/02\/big-packing-factory-.jpg.webp 1280w\" sizes=\"(max-width: 800px) 100vw, 800px\" title=\"\">\t\t\t\t\t\t\t\t\t\t\t\t\t\t\t<\/div>\n\t\t\t\t<\/div>\n\t\t<div class=\"elementor-element elementor-element-cec5f45 e-con-full e-flex e-con e-child\" data-id=\"cec5f45\" data-element_type=\"container\" data-e-type=\"container\">\n\t\t\t\t<div class=\"elementor-element elementor-element-6a914e3 elementor-widget elementor-widget-heading\" data-id=\"6a914e3\" data-element_type=\"widget\" data-e-type=\"widget\" data-widget_type=\"heading.default\">\n\t\t\t\t\t<h2 class=\"elementor-heading-title elementor-size-default\">La nostra fabbrica di imballaggi<\/h2>\t\t\t\t<\/div>\n\t\t\t\t<div class=\"elementor-element elementor-element-1a82470 elementor-widget elementor-widget-text-editor\" data-id=\"1a82470\" data-element_type=\"widget\" data-e-type=\"widget\" data-widget_type=\"text-editor.default\">\n\t\t\t\t\t\t\t\t\t<p>La fabbrica di Shenzhen ha 300 operai qualificati, copre 5000 metri quadrati e produce scatole per gioielli in carta, scatole per gioielli in plastica, scatole per gioielli in velluto, scatole per regali, shopping bag, scatole per orologi, vassoi per gioielli per ordini di piccole quantit\u00e0 e consegne rapide. L'altra fabbrica \u00e8 lontana dal porto marittimo, le scatole per gioielli e i display per gioielli prodotti l\u00ec richiedono tempi supplementari dalla citt\u00e0 di mezzo a Shenzhen, ecco perch\u00e9 Tongxing mantiene questa fabbrica qui.<\/p><p>La fabbrica di Xiangyang ha 970 dipendenti e un'officina di 17.000 metri quadrati. \u00c8 una fabbrica di Shenzhen pi\u00f9 forte, pi\u00f9 grande e pi\u00f9 aggiornata. I prodotti principali di questa fabbrica sono le scatole di imballaggio per gioielli, le borse di carta per la spesa, le scatole di imballaggio per regali e le scatole di imballaggio per orologi. Un numero maggiore di operai specializzati accorcia i tempi di produzione.<\/p><p>La fabbrica Qingxi produce oggetti di scena e vassoi espositivi per gioielli, lavorati a mano e con tempi di produzione lunghi.<\/p><p>La fabbrica di Beihai \u00e8 una fabbrica aggiornata di Dongguan, che produce oggetti di scena e vassoi di esposizione per gioielli, anch'essi realizzati a mano. Anche in questo caso, i tempi di produzione potrebbero accorciarsi grazie a un'officina pi\u00f9 grande e a un maggior numero di operai.<\/p><p>La fabbrica di Dongguan produce esclusivamente scatole organizer per gioielli. Tra questi, l'organizzatore di gioielli da viaggio, l'organizzatore di gioielli in legno e cos\u00ec via.\u00a0<\/p>\t\t\t\t\t\t\t\t<\/div>\n\t\t\t\t<\/div>\n\t\t\t\t\t<\/div>\n\t\t\t\t<\/div>\n\t\t<div class=\"elementor-element elementor-element-eac1259 e-flex e-con-boxed e-con e-parent\" data-id=\"eac1259\" data-element_type=\"container\" data-e-type=\"container\">\n\t\t\t\t\t<div class=\"e-con-inner\">\n\t\t<div class=\"elementor-element elementor-element-c30a88f e-con-full e-flex e-con e-child\" data-id=\"c30a88f\" data-element_type=\"container\" data-e-type=\"container\">\n\t\t\t\t<div class=\"elementor-element elementor-element-e32488c elementor-widget elementor-widget-heading\" data-id=\"e32488c\" data-element_type=\"widget\" data-e-type=\"widget\" data-widget_type=\"heading.default\">\n\t\t\t\t\t<h2 class=\"elementor-heading-title elementor-size-default\">La nostra attrezzatura<\/h2>\t\t\t\t<\/div>\n\t\t\t\t<div class=\"elementor-element elementor-element-d78b98b elementor-widget elementor-widget-text-editor\" data-id=\"d78b98b\" data-element_type=\"widget\" data-e-type=\"widget\" data-widget_type=\"text-editor.default\">\n\t\t\t\t\t\t\t\t\t<p>Come fabbrica professionale di scatole per gioielli, disponiamo di una serie di attrezzature di produzione avanzate e complete, che forniscono un solido supporto hardware per la creazione di scatole per gioielli di alta qualit\u00e0. Le nostre attrezzature di produzione non sono solo avanzate ed efficienti, ma anche regolarmente mantenute e aggiornate per garantire che siano sempre nelle migliori condizioni di lavoro. Il funzionamento collaborativo di questi dispositivi ci permette di soddisfare le varie esigenze personalizzate dei clienti per i portagioie.<\/p>\t\t\t\t\t\t\t\t<\/div>\n\t\t\t\t<\/div>\n\t\t<div class=\"elementor-element elementor-element-7de9a6a e-con-full e-flex e-con e-child\" data-id=\"7de9a6a\" data-element_type=\"container\" data-e-type=\"container\">\n\t\t\t\t<div class=\"elementor-element elementor-element-a75eebb elementor-widget elementor-widget-image\" data-id=\"a75eebb\" data-element_type=\"widget\" data-e-type=\"widget\" data-widget_type=\"image.default\">\n\t\t\t\t\t\t\t\t\t\t\t\t\t\t\t<img decoding=\"async\" width=\"800\" height=\"534\" src=\"https:\/\/jewelrypackage.com\/wp-content\/uploads\/2026\/02\/advance-equipment-1024x683.jpg\" class=\"attachment-large size-large wp-image-509\" alt=\"attrezzature avanzate\" srcset=\"https:\/\/jewelrypackage.com\/wp-content\/uploads\/2026\/02\/advance-equipment-1024x683.jpg.webp 1024w, https:\/\/jewelrypackage.com\/wp-content\/uploads\/2026\/02\/advance-equipment-600x400.jpg.webp 600w, https:\/\/jewelrypackage.com\/wp-content\/uploads\/2026\/02\/advance-equipment-300x200.jpg.webp 300w, https:\/\/jewelrypackage.com\/wp-content\/uploads\/2026\/02\/advance-equipment-768x512.jpg.webp 768w, https:\/\/jewelrypackage.com\/wp-content\/uploads\/2026\/02\/advance-equipment.jpg.webp 1280w\" sizes=\"(max-width: 800px) 100vw, 800px\" title=\"\">\t\t\t\t\t\t\t\t\t\t\t\t\t\t\t<\/div>\n\t\t\t\t<\/div>\n\t\t\t\t\t<\/div>\n\t\t\t\t<\/div>\n\t\t<div class=\"elementor-element elementor-element-efa7e79 e-flex e-con-boxed e-con e-parent\" data-id=\"efa7e79\" data-element_type=\"container\" data-e-type=\"container\">\n\t\t\t\t\t<div class=\"e-con-inner\">\n\t\t<div class=\"elementor-element elementor-element-6494169 e-con-full e-flex e-con e-child\" data-id=\"6494169\" data-element_type=\"container\" data-e-type=\"container\">\n\t\t\t\t<div class=\"elementor-element elementor-element-00b2345 elementor-widget elementor-widget-image\" data-id=\"00b2345\" data-element_type=\"widget\" data-e-type=\"widget\" data-widget_type=\"image.default\">\n\t\t\t\t\t\t\t\t\t\t\t\t\t\t\t<img decoding=\"async\" width=\"800\" height=\"534\" src=\"https:\/\/jewelrypackage.com\/wp-content\/uploads\/2026\/02\/qc-1024x683.jpg\" class=\"attachment-large size-large wp-image-511\" alt=\"qc\" srcset=\"https:\/\/jewelrypackage.com\/wp-content\/uploads\/2026\/02\/qc-1024x683.jpg.webp 1024w, https:\/\/jewelrypackage.com\/wp-content\/uploads\/2026\/02\/qc-600x400.jpg.webp 600w, https:\/\/jewelrypackage.com\/wp-content\/uploads\/2026\/02\/qc-300x200.jpg.webp 300w, https:\/\/jewelrypackage.com\/wp-content\/uploads\/2026\/02\/qc-768x512.jpg.webp 768w, https:\/\/jewelrypackage.com\/wp-content\/uploads\/2026\/02\/qc.jpg.webp 1280w\" sizes=\"(max-width: 800px) 100vw, 800px\" title=\"\">\t\t\t\t\t\t\t\t\t\t\t\t\t\t\t<\/div>\n\t\t\t\t<\/div>\n\t\t<div class=\"elementor-element elementor-element-189f872 e-con-full e-flex e-con e-child\" data-id=\"189f872\" data-element_type=\"container\" data-e-type=\"container\">\n\t\t\t\t<div class=\"elementor-element elementor-element-57ace77 elementor-widget elementor-widget-heading\" data-id=\"57ace77\" data-element_type=\"widget\" data-e-type=\"widget\" data-widget_type=\"heading.default\">\n\t\t\t\t\t<h2 class=\"elementor-heading-title elementor-size-default\">Controllo qualit\u00e0<\/h2>\t\t\t\t<\/div>\n\t\t\t\t<div class=\"elementor-element elementor-element-aa01f01 elementor-widget elementor-widget-text-editor\" data-id=\"aa01f01\" data-element_type=\"widget\" data-e-type=\"widget\" data-widget_type=\"text-editor.default\">\n\t\t\t\t\t\t\t\t\t<p>Per offrire scatole per gioielli di grande qualit\u00e0, Tongxing Packing ha un rigoroso processo di controllo della qualit\u00e0. \u00c8 composto da 6 diversi processi.\u00a0<\/p><p>Il primo processo \u00e8 l'ispezione dei fornitori di materie prime. Tongxing Packing dispone di diverse materie prime e continua a contattare nuovi fornitori. Se qualche fornitore offre prodotti di cattiva qualit\u00e0, lo eliminiamo dall'elenco dei fornitori e ne scegliamo altri. Inoltre, ogni 3 mesi ci rechiamo presso l'officina del fornitore per assicurarci che la sua officina funzioni in buone condizioni.<\/p><p>Il secondo processo \u00e8 l'ispezione dei materiali in entrata. Le scatole per gioielli e i display per gioielli sono altamente personalizzati e i materiali grezzi cambiano molto. Gli uomini del controllo qualit\u00e0 devono controllare la qualit\u00e0 e la corrispondenza dei materiali.<\/p><p>Il terzo processo \u00e8 l'ispezione pre-produzione. Ogni linea di produzione ha un responsabile che deve controllare tutti i materiali in base all'ordine di produzione il giorno prima della produzione.\u00a0<\/p><p>Il quarto processo \u00e8 il controllo qualit\u00e0 a flusso continuo. Alcune persone continuano a camminare e a ispezionare la linea di produzione in modo casuale.<\/p><p>Il quinto processo \u00e8 il regolare controllo qualit\u00e0. Ogni linea di produzione ha un addetto al controllo qualit\u00e0 alla fine della produzione.<\/p><p>I portagioie e gli espositori per gioielli possono essere imballati in cartoni solo se superano tutti questi 5 processi di qualit\u00e0 produttiva.\u00a0<\/p>\t\t\t\t\t\t\t\t<\/div>\n\t\t\t\t<\/div>\n\t\t\t\t\t<\/div>\n\t\t\t\t<\/div>\n\t\t\t\t<section class=\"elementor-section elementor-top-section elementor-element elementor-element-9847b28 elementor-section-boxed elementor-section-height-default elementor-section-height-default\" data-id=\"9847b28\" data-element_type=\"section\" data-e-type=\"section\" data-settings=\"{&quot;background_background&quot;:&quot;classic&quot;}\">\n\t\t\t\t\t\t\t<div class=\"elementor-background-overlay\"><\/div>\n\t\t\t\t\t\t\t<div class=\"elementor-container elementor-column-gap-default\">\n\t\t\t\t\t<div class=\"elementor-column elementor-col-100 elementor-top-column elementor-element elementor-element-1d30d28 elementor-invisible\" data-id=\"1d30d28\" data-element_type=\"column\" data-e-type=\"column\" data-settings=\"{&quot;animation&quot;:&quot;fadeInLeft&quot;}\">\n\t\t\t<div class=\"elementor-widget-wrap elementor-element-populated\">\n\t\t\t\t\t\t<div class=\"elementor-element elementor-element-c060c16 elementor-align-center elementor-widget elementor-widget-button\" data-id=\"c060c16\" data-element_type=\"widget\" data-e-type=\"widget\" data-widget_type=\"button.default\">\n\t\t\t\t\t\t\t\t\t\t<a class=\"elementor-button elementor-button-link elementor-size-md\" href=\"https:\/\/jewelrypackage.com\/contact\/\">\n\t\t\t\t\t\t<span class=\"elementor-button-content-wrapper\">\n\t\t\t\t\t\t\t\t\t<span class=\"elementor-button-text\">Scoprire di pi\u00f9<\/span>\n\t\t\t\t\t<\/span>\n\t\t\t\t\t<\/a>\n\t\t\t\t\t\t\t\t<\/div>\n\t\t\t\t\t<\/div>\n\t\t<\/div>\n\t\t\t\t\t<\/div>\n\t\t<\/section>\n\t\t\t\t<section class=\"elementor-section elementor-top-section elementor-element elementor-element-764e9b4 elementor-section-boxed elementor-section-height-default elementor-section-height-default\" data-id=\"764e9b4\" data-element_type=\"section\" data-e-type=\"section\" data-settings=\"{&quot;background_background&quot;:&quot;classic&quot;}\">\n\t\t\t\t\t\t\t<div class=\"elementor-background-overlay\"><\/div>\n\t\t\t\t\t\t\t<div class=\"elementor-container elementor-column-gap-default\">\n\t\t\t\t\t<div class=\"elementor-column elementor-col-100 elementor-top-column elementor-element elementor-element-311f9fb elementor-invisible\" data-id=\"311f9fb\" data-element_type=\"column\" data-e-type=\"column\" data-settings=\"{&quot;animation&quot;:&quot;fadeInUp&quot;}\">\n\t\t\t<div class=\"elementor-widget-wrap elementor-element-populated\">\n\t\t\t\t\t\t<div class=\"elementor-element elementor-element-b9413df elementor-widget elementor-widget-heading\" data-id=\"b9413df\" data-element_type=\"widget\" data-e-type=\"widget\" data-widget_type=\"heading.default\">\n\t\t\t\t\t<h2 class=\"elementor-heading-title elementor-size-default\">Elevate il vostro marchio di gioielli con un packaging di qualit\u00e0<\/h2>\t\t\t\t<\/div>\n\t\t\t\t<div class=\"elementor-element elementor-element-9e921c2 elementor-widget elementor-widget-text-editor\" data-id=\"9e921c2\" data-element_type=\"widget\" data-e-type=\"widget\" data-widget_type=\"text-editor.default\">\n\t\t\t\t\t\t\t\t\t<p>Richiedete un preventivo rapido per scatole, espositori, borse e inserti per gioielli personalizzati: guida esperta, campionatura rapida e tempi di consegna affidabili.<\/p>\t\t\t\t\t\t\t\t<\/div>\n\t\t\t\t<div class=\"elementor-element elementor-element-7bf016b elementor-mobile-align-center elementor-align-center elementor-widget elementor-widget-button\" data-id=\"7bf016b\" data-element_type=\"widget\" data-e-type=\"widget\" data-widget_type=\"button.default\">\n\t\t\t\t\t\t\t\t\t\t<a class=\"elementor-button elementor-button-link elementor-size-md\" href=\"https:\/\/jewelrypackage.com\/contact\/\">\n\t\t\t\t\t\t<span class=\"elementor-button-content-wrapper\">\n\t\t\t\t\t\t\t\t\t<span class=\"elementor-button-text\">Iniziare<\/span>\n\t\t\t\t\t<\/span>\n\t\t\t\t\t<\/a>\n\t\t\t\t\t\t\t\t<\/div>\n\t\t\t\t\t<\/div>\n\t\t<\/div>\n\t\t\t\t\t<\/div>\n\t\t<\/section>\n\t\t\t\t<\/div>","protected":false},"excerpt":{"rendered":"<p>Our Factory Packaging &amp; display solutions for jewelry brands. Our Packing Factory The Shenzhen factory has 300 skilled workers, covering 5000 square meters, it produces paper\u00a0jewelry box, plastic\u00a0jewelry box, velvet\u00a0jewelry box, gift box,\u00a0shopping bag, watch box,\u00a0jewerly tray\u00a0for\u00a0small quantity order and fast delivery order. Other factory is far away from the sea port, jewelry boxes &amp; [&hellip;]<\/p>\n","protected":false},"author":1,"featured_media":0,"parent":0,"menu_order":0,"comment_status":"closed","ping_status":"closed","template":"","meta":{"footnotes":""},"class_list":["post-112","page","type-page","status-publish","hentry"],"_links":{"self":[{"href":"https:\/\/jewelrypackage.com\/it\/wp-json\/wp\/v2\/pages\/112","targetHints":{"allow":["GET"]}}],"collection":[{"href":"https:\/\/jewelrypackage.com\/it\/wp-json\/wp\/v2\/pages"}],"about":[{"href":"https:\/\/jewelrypackage.com\/it\/wp-json\/wp\/v2\/types\/page"}],"author":[{"embeddable":true,"href":"https:\/\/jewelrypackage.com\/it\/wp-json\/wp\/v2\/users\/1"}],"replies":[{"embeddable":true,"href":"https:\/\/jewelrypackage.com\/it\/wp-json\/wp\/v2\/comments?post=112"}],"version-history":[{"count":52,"href":"https:\/\/jewelrypackage.com\/it\/wp-json\/wp\/v2\/pages\/112\/revisions"}],"predecessor-version":[{"id":1651,"href":"https:\/\/jewelrypackage.com\/it\/wp-json\/wp\/v2\/pages\/112\/revisions\/1651"}],"wp:attachment":[{"href":"https:\/\/jewelrypackage.com\/it\/wp-json\/wp\/v2\/media?parent=112"}],"curies":[{"name":"wp","href":"https:\/\/api.w.org\/{rel}","templated":true}]}}