{"id":679,"date":"2026-02-15T02:20:40","date_gmt":"2026-02-15T02:20:40","guid":{"rendered":"https:\/\/lightseagreen-pig-868220.hostingersite.com\/product\/custom-led-light-jewelry-box-for-ring-pendant-necklace-bracelet-bangle\/"},"modified":"2026-02-19T03:20:55","modified_gmt":"2026-02-19T03:20:55","slug":"custom-led-light-jewelry-box-for-ring-pendant-necklace-bracelet-bangle","status":"publish","type":"product","link":"https:\/\/jewelrypackage.com\/es\/product\/custom-led-light-jewelry-box-for-ring-pendant-necklace-bracelet-bangle\/","title":{"rendered":"luz led personalizada caja de joyer\u00eda para el anillo colgante collar pulsera brazalete"},"content":{"rendered":"<div class=\"Message_messageTextContainer__w64Sc\">\n<div class=\"Message_selectableText__SQ8WH\">\n<div class=\"Markdown_markdownContainer__Tz3HQ\">\n<div class=\"Prose_prose__7AjXb Prose_presets_prose__H9VRM Prose_presets_theme-hi-contrast__LQyM9\">\n<h3><strong>Detalles del producto<\/strong><\/h3>\n<p>La construcci\u00f3n del <strong>Joyero con luz LED<\/strong> est\u00e1 dise\u00f1ado para ser duradero y agradable al tacto. El exterior suele estar fabricado con un n\u00facleo de pl\u00e1stico resistente recubierto con una capa de <strong>Pintura de caucho (acabado suave al tacto)<\/strong>, El interior del estuche es de terciopelo o microfibra de alta densidad, generalmente en tonos negros u oscuros, para crear un fuerte contraste con las joyas iluminadas. El interior de la caja es de terciopelo o microfibra de alta densidad, normalmente en tonos negros u oscuros para crear un fuerte contraste con las joyas iluminadas. La luz LED est\u00e1 perfectamente integrada en la tapa y funciona con una pila sustituible de larga duraci\u00f3n. El mecanismo de bisagra es robusto, lo que garantiza que la luz se active instant\u00e1neamente al abrir la caja y se apague al cerrarla para ahorrar energ\u00eda. El \u00e1ngulo preciso del foco est\u00e1 calculado para incidir en el centro de la inserci\u00f3n, garantizando que el punto focal permanezca estrictamente en la pieza de joyer\u00eda.<\/p>\n<p><img fetchpriority=\"high\" decoding=\"async\" class=\"wp-image-790 size-full\" src=\"https:\/\/jewelrypackage.com\/wp-content\/uploads\/2026\/02\/ScreenShot_2026-02-14_104231_965.png\" alt=\"caja anillo led\" width=\"683\" height=\"675\" title=\"\" srcset=\"https:\/\/jewelrypackage.com\/wp-content\/uploads\/2026\/02\/ScreenShot_2026-02-14_104231_965.png 683w, https:\/\/jewelrypackage.com\/wp-content\/uploads\/2026\/02\/ScreenShot_2026-02-14_104231_965-100x100.png 100w, https:\/\/jewelrypackage.com\/wp-content\/uploads\/2026\/02\/ScreenShot_2026-02-14_104231_965-600x593.png 600w, https:\/\/jewelrypackage.com\/wp-content\/uploads\/2026\/02\/ScreenShot_2026-02-14_104231_965-300x296.png 300w\" sizes=\"(max-width: 683px) 100vw, 683px\" \/><\/p>\n<h3><strong>Par\u00e1metros del producto<\/strong><\/h3>\n<\/div>\n<div class=\"Prose_prose__7AjXb Prose_presets_prose__H9VRM Prose_presets_theme-hi-contrast__LQyM9\">\n<div class=\"MarkdownTable_tableContainer__2k5Kh\" tabindex=\"0\" role=\"region\">\n<p><img decoding=\"async\" class=\"alignnone size-full wp-image-803\" src=\"https:\/\/jewelrypackage.com\/wp-content\/uploads\/2026\/02\/box.png\" alt=\"\" width=\"1209\" height=\"402\" title=\"\" srcset=\"https:\/\/jewelrypackage.com\/wp-content\/uploads\/2026\/02\/box.png 1209w, https:\/\/jewelrypackage.com\/wp-content\/uploads\/2026\/02\/box-600x200.png 600w, https:\/\/jewelrypackage.com\/wp-content\/uploads\/2026\/02\/box-300x100.png 300w, https:\/\/jewelrypackage.com\/wp-content\/uploads\/2026\/02\/box-1024x340.png 1024w, https:\/\/jewelrypackage.com\/wp-content\/uploads\/2026\/02\/box-768x255.png 768w\" sizes=\"(max-width: 1209px) 100vw, 1209px\" \/><\/p>\n<p><img decoding=\"async\" class=\"wp-image-792 size-full\" src=\"https:\/\/jewelrypackage.com\/wp-content\/uploads\/2026\/02\/ScreenShot_2026-02-14_104316_653.png\" alt=\"led ring box factory\" width=\"691\" height=\"367\" title=\"\" srcset=\"https:\/\/jewelrypackage.com\/wp-content\/uploads\/2026\/02\/ScreenShot_2026-02-14_104316_653.png 691w, https:\/\/jewelrypackage.com\/wp-content\/uploads\/2026\/02\/ScreenShot_2026-02-14_104316_653-600x319.png 600w, https:\/\/jewelrypackage.com\/wp-content\/uploads\/2026\/02\/ScreenShot_2026-02-14_104316_653-300x159.png 300w\" sizes=\"(max-width: 691px) 100vw, 691px\" \/><\/p>\n<\/div>\n<h3><strong>Productos destacados<\/strong><\/h3>\n<p>La caracter\u00edstica que define esta l\u00ednea de productos es la <strong>\u201cEfecto Foco\u201d.\u201d<\/strong> A diferencia de los envases est\u00e1ndar, el haz de LED enfocado realza la refracci\u00f3n de la luz en diamantes y cristales, haci\u00e9ndolos parecer m\u00e1s brillantes y valiosos inmediatamente despu\u00e9s de revelarlos. El sitio <strong>Goma Pintura exterior<\/strong> ofrece una mejora significativa sobre el pl\u00e1stico brillante est\u00e1ndar, proporcionando un agarre sofisticado y antideslizante que grita calidad. Adem\u00e1s, el dise\u00f1o de la caja es elegante y redondeado en las esquinas (o cuadrado, seg\u00fan el molde espec\u00edfico), lo que la hace apta para el bolsillo para propuestas discretas. Las inserciones interiores est\u00e1n dise\u00f1adas con cortes flexibles para sujetar las joyas con seguridad, evitando que se muevan aunque se sacuda la caja. Esta combinaci\u00f3n de espectacularidad visual y seguridad f\u00edsica la convierte en una opci\u00f3n de primer orden para el inventario de gran valor.<\/p>\n<h3><strong>Servicios de personalizaci\u00f3n (OEM\/ODM)<\/strong><\/h3>\n<p>Ofrecemos una amplia <strong>Servicios OEM\/ODM<\/strong> para alinear los joyeros LED con la identidad de su marca. Aunque los colores m\u00e1s populares son el negro mate, el azul real y el rojo, podemos personalizar el color de la pintura de caucho exterior para que coincida con c\u00f3digos Pantone espec\u00edficos para pedidos al por mayor. <strong>Personalizaci\u00f3n del logotipo<\/strong> est\u00e1 disponible mediante estampaci\u00f3n en caliente (l\u00e1mina dorada o plateada) o serigraf\u00eda en la tapa superior, ofreciendo un acabado n\u00edtido y profesional que se adhiere bien a la superficie engomada. Tambi\u00e9n podemos personalizar el color del terciopelo interior (por ejemplo, blanco, beige o gris) para adaptarlo a colecciones de joyer\u00eda espec\u00edficas. Para las marcas que requieren formas \u00fanicas, nuestro equipo de ingenier\u00eda puede desarrollar nuevos moldes para crear un dise\u00f1o propio exclusivo para su empresa.<\/p>\n<p><img loading=\"lazy\" decoding=\"async\" class=\"wp-image-791 size-full\" src=\"https:\/\/jewelrypackage.com\/wp-content\/uploads\/2026\/02\/ScreenShot_2026-02-14_104259_035.png\" alt=\"led ring box factory\" width=\"679\" height=\"740\" title=\"\" srcset=\"https:\/\/jewelrypackage.com\/wp-content\/uploads\/2026\/02\/ScreenShot_2026-02-14_104259_035.png 679w, https:\/\/jewelrypackage.com\/wp-content\/uploads\/2026\/02\/ScreenShot_2026-02-14_104259_035-600x654.png 600w, https:\/\/jewelrypackage.com\/wp-content\/uploads\/2026\/02\/ScreenShot_2026-02-14_104259_035-275x300.png 275w\" sizes=\"(max-width: 679px) 100vw, 679px\" \/><\/p>\n<h3><strong>Aplicaciones de los productos<\/strong><\/h3>\n<p>En <strong>Joyero LED personalizado<\/strong> es la norma del sector para <strong>propuestas de matrimonio y anillos de compromiso<\/strong>, donde las condiciones de iluminaci\u00f3n suelen ser impredecibles (por ejemplo, cenas rom\u00e1nticas, eventos nocturnos). Garantiza que el anillo brille independientemente de la luz ambiental. M\u00e1s all\u00e1 de las propuestas, estas cajas son esenciales para <strong>expositores de joyer\u00eda de alta gama<\/strong> en mostradores de venta al por menor donde se necesita iluminaci\u00f3n puntual adicional para llamar la atenci\u00f3n del cliente. Tambi\u00e9n se utilizan mucho para empaquetar regalos de lujo, como pulseras de tenis con diamantes o colgantes de oro para aniversarios y ocasiones especiales. La versi\u00f3n para collares es especialmente eficaz para cadenas largas, ya que garantiza que toda la longitud quede iluminada y se presente sin enredos.<\/p>\n<\/div>\n<\/div>\n<\/div>\n<\/div>\n<div class=\"Message_messageMetadataContainer__nBPq7\"><\/div>","protected":false},"excerpt":{"rendered":"<p>Cree un momento inolvidable con nuestra caja premium <strong>Serie de joyeros con luz LED personalizados<\/strong>, dise\u00f1ado para maximizar el brillo de diamantes, piedras preciosas y metales preciosos. Fabricado por Shenzhen Tongxing Packing Co., Ltd., esta soluci\u00f3n de envasado de alta gama integra un foco LED que ilumina autom\u00e1ticamente las joyas al abrirlas. Esta funci\u00f3n resuelve un problema habitual en el comercio minorista: mostrar el verdadero brillo de las joyas en entornos con poca luz. Ideales para minoristas de lujo, mayoristas de diamantes y marcas de anillos de pedida, estas cajas transforman un simple regalo en una presentaci\u00f3n espectacular. Disponible para una amplia gama de tipos de joyas, como anillos, colgantes, collares, pulseras y brazaletes, esta serie combina la tecnolog\u00eda moderna con el lujo cl\u00e1sico para elevar el valor percibido de su marca.<\/p>","protected":false},"featured_media":788,"template":"","meta":[],"product_brand":[],"product_cat":[27],"product_tag":[28,29,33,35,34],"class_list":{"0":"post-679","1":"product","2":"type-product","3":"status-publish","4":"has-post-thumbnail","6":"product_cat-jewelry-box","7":"product_tag-custom-jewelry-boxes","8":"product_tag-jewelry-boxes-factory","9":"product_tag-jewelry-packaging-supplier","10":"product_tag-jewelry-subscription-box","11":"product_tag-watch-and-jewelry-box","13":"first","14":"instock","15":"product-type-simple"},"_links":{"self":[{"href":"https:\/\/jewelrypackage.com\/es\/wp-json\/wp\/v2\/product\/679","targetHints":{"allow":["GET"]}}],"collection":[{"href":"https:\/\/jewelrypackage.com\/es\/wp-json\/wp\/v2\/product"}],"about":[{"href":"https:\/\/jewelrypackage.com\/es\/wp-json\/wp\/v2\/types\/product"}],"wp:featuredmedia":[{"embeddable":true,"href":"https:\/\/jewelrypackage.com\/es\/wp-json\/wp\/v2\/media\/788"}],"wp:attachment":[{"href":"https:\/\/jewelrypackage.com\/es\/wp-json\/wp\/v2\/media?parent=679"}],"wp:term":[{"taxonomy":"product_brand","embeddable":true,"href":"https:\/\/jewelrypackage.com\/es\/wp-json\/wp\/v2\/product_brand?post=679"},{"taxonomy":"product_cat","embeddable":true,"href":"https:\/\/jewelrypackage.com\/es\/wp-json\/wp\/v2\/product_cat?post=679"},{"taxonomy":"product_tag","embeddable":true,"href":"https:\/\/jewelrypackage.com\/es\/wp-json\/wp\/v2\/product_tag?post=679"}],"curies":[{"name":"wp","href":"https:\/\/api.w.org\/{rel}","templated":true}]}}