{"id":112,"date":"2026-02-03T15:12:27","date_gmt":"2026-02-03T15:12:27","guid":{"rendered":"https:\/\/lightseagreen-pig-868220.hostingersite.com\/?page_id=112"},"modified":"2026-02-24T08:53:50","modified_gmt":"2026-02-24T08:53:50","slug":"our-factory","status":"publish","type":"page","link":"https:\/\/jewelrypackage.com\/de\/our-factory\/","title":{"rendered":"Unser Werk"},"content":{"rendered":"<div data-elementor-type=\"wp-page\" data-elementor-id=\"112\" class=\"elementor elementor-112\" data-elementor-post-type=\"page\">\n\t\t\t\t\t\t<section class=\"elementor-section elementor-top-section elementor-element elementor-element-931c4de elementor-section-boxed elementor-section-height-default elementor-section-height-default\" data-id=\"931c4de\" data-element_type=\"section\" data-e-type=\"section\" data-settings=\"{&quot;background_background&quot;:&quot;classic&quot;}\">\n\t\t\t\t\t\t\t<div class=\"elementor-background-overlay\"><\/div>\n\t\t\t\t\t\t\t<div class=\"elementor-container elementor-column-gap-default\">\n\t\t\t\t\t<div class=\"elementor-column elementor-col-100 elementor-top-column elementor-element elementor-element-4ec78da\" data-id=\"4ec78da\" data-element_type=\"column\" data-e-type=\"column\" data-settings=\"{&quot;background_background&quot;:&quot;classic&quot;}\">\n\t\t\t<div class=\"elementor-widget-wrap elementor-element-populated\">\n\t\t\t\t\t\t<div class=\"elementor-element elementor-element-39cd77c elementor-widget__width-initial elementor-invisible elementor-widget elementor-widget-heading\" data-id=\"39cd77c\" data-element_type=\"widget\" data-e-type=\"widget\" data-settings=\"{&quot;_animation&quot;:&quot;fadeInUp&quot;}\" data-widget_type=\"heading.default\">\n\t\t\t\t\t<h1 class=\"elementor-heading-title elementor-size-default\">Unser Werk<\/h1>\t\t\t\t<\/div>\n\t\t\t\t<div class=\"elementor-element elementor-element-243712a elementor-invisible elementor-widget elementor-widget-heading\" data-id=\"243712a\" data-element_type=\"widget\" data-e-type=\"widget\" data-settings=\"{&quot;_animation&quot;:&quot;fadeInUp&quot;,&quot;_animation_delay&quot;:200}\" data-widget_type=\"heading.default\">\n\t\t\t\t\t<h4 class=\"elementor-heading-title elementor-size-default\">Packaging &amp; display solutions for jewelry brands.<\/h4>\t\t\t\t<\/div>\n\t\t\t\t\t<\/div>\n\t\t<\/div>\n\t\t\t\t\t<\/div>\n\t\t<\/section>\n\t\t<div class=\"elementor-element elementor-element-e0510f3 e-flex e-con-boxed e-con e-parent\" data-id=\"e0510f3\" data-element_type=\"container\" data-e-type=\"container\">\n\t\t\t\t\t<div class=\"e-con-inner\">\n\t\t<div class=\"elementor-element elementor-element-f1a0a39 e-con-full e-flex e-con e-child\" data-id=\"f1a0a39\" data-element_type=\"container\" data-e-type=\"container\">\n\t\t\t\t<div class=\"elementor-element elementor-element-17dccb7 elementor-widget elementor-widget-image\" data-id=\"17dccb7\" data-element_type=\"widget\" data-e-type=\"widget\" data-widget_type=\"image.default\">\n\t\t\t\t\t\t\t\t\t\t\t\t\t\t\t<img fetchpriority=\"high\" decoding=\"async\" width=\"800\" height=\"534\" src=\"https:\/\/jewelrypackage.com\/wp-content\/uploads\/2026\/02\/big-packing-factory--1024x683.jpg\" class=\"attachment-large size-large wp-image-510\" alt=\"big packing factory\" srcset=\"https:\/\/jewelrypackage.com\/wp-content\/uploads\/2026\/02\/big-packing-factory--1024x683.jpg 1024w, https:\/\/jewelrypackage.com\/wp-content\/uploads\/2026\/02\/big-packing-factory--600x400.jpg 600w, https:\/\/jewelrypackage.com\/wp-content\/uploads\/2026\/02\/big-packing-factory--300x200.jpg 300w, https:\/\/jewelrypackage.com\/wp-content\/uploads\/2026\/02\/big-packing-factory--768x512.jpg 768w, https:\/\/jewelrypackage.com\/wp-content\/uploads\/2026\/02\/big-packing-factory-.jpg 1280w\" sizes=\"(max-width: 800px) 100vw, 800px\" title=\"\">\t\t\t\t\t\t\t\t\t\t\t\t\t\t\t<\/div>\n\t\t\t\t<\/div>\n\t\t<div class=\"elementor-element elementor-element-cec5f45 e-con-full e-flex e-con e-child\" data-id=\"cec5f45\" data-element_type=\"container\" data-e-type=\"container\">\n\t\t\t\t<div class=\"elementor-element elementor-element-6a914e3 elementor-widget elementor-widget-heading\" data-id=\"6a914e3\" data-element_type=\"widget\" data-e-type=\"widget\" data-widget_type=\"heading.default\">\n\t\t\t\t\t<h2 class=\"elementor-heading-title elementor-size-default\">Our Packing Factory<\/h2>\t\t\t\t<\/div>\n\t\t\t\t<div class=\"elementor-element elementor-element-1a82470 elementor-widget elementor-widget-text-editor\" data-id=\"1a82470\" data-element_type=\"widget\" data-e-type=\"widget\" data-widget_type=\"text-editor.default\">\n\t\t\t\t\t\t\t\t\t<p>The Shenzhen factory has 300 skilled workers, covering 5000 square meters, it produces paper\u00a0jewelry box, plastic\u00a0jewelry box, velvet\u00a0jewelry box, gift box,\u00a0shopping bag, watch box,\u00a0jewerly tray\u00a0for\u00a0small quantity order and fast delivery order. Other factory is far away from the sea port, jewelry boxes &amp; jewelry displays produced there takes extra times from the middle land city to Shenzhen, that&#8217;s why Tongxing keep this factory here.<\/p><p>The Xiangyang factory has 970 employees and\u00a017,000 square meters workshop. It is a stronger &amp; bigger &amp; updated Shenzhen factory. The main products of this factory are jewellery packaging boxes, paper shopping bags, gift packaging boxes and watch packaging boxes. More skillful workmen makes the production time be shorter.<\/p><p>The Qingxi factory produces jewelry display props &amp; display tray, they\u00a0are handcaraft with a long production time.<\/p><p>The Beihai factory is updated Dongguan factory, produce\u00a0jewelry display props &amp; display tray, they are handcaraft as well. Again, it could shorten the production time because of larger workshop and more workmen.<\/p><p>The Dongguan factory produce\u00a0jewelry organizer boxes only. It includes travel\u00a0jewelry organizer, wood\u00a0jewelry organizer and so on.\u00a0<\/p>\t\t\t\t\t\t\t\t<\/div>\n\t\t\t\t<\/div>\n\t\t\t\t\t<\/div>\n\t\t\t\t<\/div>\n\t\t<div class=\"elementor-element elementor-element-eac1259 e-flex e-con-boxed e-con e-parent\" data-id=\"eac1259\" data-element_type=\"container\" data-e-type=\"container\">\n\t\t\t\t\t<div class=\"e-con-inner\">\n\t\t<div class=\"elementor-element elementor-element-c30a88f e-con-full e-flex e-con e-child\" data-id=\"c30a88f\" data-element_type=\"container\" data-e-type=\"container\">\n\t\t\t\t<div class=\"elementor-element elementor-element-e32488c elementor-widget elementor-widget-heading\" data-id=\"e32488c\" data-element_type=\"widget\" data-e-type=\"widget\" data-widget_type=\"heading.default\">\n\t\t\t\t\t<h2 class=\"elementor-heading-title elementor-size-default\">Our Equipment<\/h2>\t\t\t\t<\/div>\n\t\t\t\t<div class=\"elementor-element elementor-element-d78b98b elementor-widget elementor-widget-text-editor\" data-id=\"d78b98b\" data-element_type=\"widget\" data-e-type=\"widget\" data-widget_type=\"text-editor.default\">\n\t\t\t\t\t\t\t\t\t<p>As a professional jewelry box manufacturing factory, we have a series of advanced and complete production equipment, providing solid hardware support for creating high-quality jewelry boxes. Our production equipment is not only advanced and efficient, but also regularly maintained and updated to ensure that it is always in the best working condition. The collaborative operation of these devices enables us to meet various customized needs of customers for jewelry boxes<\/p>\t\t\t\t\t\t\t\t<\/div>\n\t\t\t\t<\/div>\n\t\t<div class=\"elementor-element elementor-element-7de9a6a e-con-full e-flex e-con e-child\" data-id=\"7de9a6a\" data-element_type=\"container\" data-e-type=\"container\">\n\t\t\t\t<div class=\"elementor-element elementor-element-a75eebb elementor-widget elementor-widget-image\" data-id=\"a75eebb\" data-element_type=\"widget\" data-e-type=\"widget\" data-widget_type=\"image.default\">\n\t\t\t\t\t\t\t\t\t\t\t\t\t\t\t<img decoding=\"async\" width=\"800\" height=\"534\" src=\"https:\/\/jewelrypackage.com\/wp-content\/uploads\/2026\/02\/advance-equipment-1024x683.jpg\" class=\"attachment-large size-large wp-image-509\" alt=\"advance equipment\" srcset=\"https:\/\/jewelrypackage.com\/wp-content\/uploads\/2026\/02\/advance-equipment-1024x683.jpg 1024w, https:\/\/jewelrypackage.com\/wp-content\/uploads\/2026\/02\/advance-equipment-600x400.jpg 600w, https:\/\/jewelrypackage.com\/wp-content\/uploads\/2026\/02\/advance-equipment-300x200.jpg 300w, https:\/\/jewelrypackage.com\/wp-content\/uploads\/2026\/02\/advance-equipment-768x512.jpg 768w, https:\/\/jewelrypackage.com\/wp-content\/uploads\/2026\/02\/advance-equipment.jpg 1280w\" sizes=\"(max-width: 800px) 100vw, 800px\" title=\"\">\t\t\t\t\t\t\t\t\t\t\t\t\t\t\t<\/div>\n\t\t\t\t<\/div>\n\t\t\t\t\t<\/div>\n\t\t\t\t<\/div>\n\t\t<div class=\"elementor-element elementor-element-efa7e79 e-flex e-con-boxed e-con e-parent\" data-id=\"efa7e79\" data-element_type=\"container\" data-e-type=\"container\">\n\t\t\t\t\t<div class=\"e-con-inner\">\n\t\t<div class=\"elementor-element elementor-element-6494169 e-con-full e-flex e-con e-child\" data-id=\"6494169\" data-element_type=\"container\" data-e-type=\"container\">\n\t\t\t\t<div class=\"elementor-element elementor-element-00b2345 elementor-widget elementor-widget-image\" data-id=\"00b2345\" data-element_type=\"widget\" data-e-type=\"widget\" data-widget_type=\"image.default\">\n\t\t\t\t\t\t\t\t\t\t\t\t\t\t\t<img decoding=\"async\" width=\"800\" height=\"534\" src=\"https:\/\/jewelrypackage.com\/wp-content\/uploads\/2026\/02\/qc-1024x683.jpg\" class=\"attachment-large size-large wp-image-511\" alt=\"qc\" srcset=\"https:\/\/jewelrypackage.com\/wp-content\/uploads\/2026\/02\/qc-1024x683.jpg 1024w, https:\/\/jewelrypackage.com\/wp-content\/uploads\/2026\/02\/qc-600x400.jpg 600w, https:\/\/jewelrypackage.com\/wp-content\/uploads\/2026\/02\/qc-300x200.jpg 300w, https:\/\/jewelrypackage.com\/wp-content\/uploads\/2026\/02\/qc-768x512.jpg 768w, https:\/\/jewelrypackage.com\/wp-content\/uploads\/2026\/02\/qc.jpg 1280w\" sizes=\"(max-width: 800px) 100vw, 800px\" title=\"\">\t\t\t\t\t\t\t\t\t\t\t\t\t\t\t<\/div>\n\t\t\t\t<\/div>\n\t\t<div class=\"elementor-element elementor-element-189f872 e-con-full e-flex e-con e-child\" data-id=\"189f872\" data-element_type=\"container\" data-e-type=\"container\">\n\t\t\t\t<div class=\"elementor-element elementor-element-57ace77 elementor-widget elementor-widget-heading\" data-id=\"57ace77\" data-element_type=\"widget\" data-e-type=\"widget\" data-widget_type=\"heading.default\">\n\t\t\t\t\t<h2 class=\"elementor-heading-title elementor-size-default\">Quality Control<\/h2>\t\t\t\t<\/div>\n\t\t\t\t<div class=\"elementor-element elementor-element-aa01f01 elementor-widget elementor-widget-text-editor\" data-id=\"aa01f01\" data-element_type=\"widget\" data-e-type=\"widget\" data-widget_type=\"text-editor.default\">\n\t\t\t\t\t\t\t\t\t<p>To offer great quality\u00a0jewelry boxes, Tongxing Packing has strict\u00a0quality control process. It is made up with 6 different process.\u00a0<\/p><p>The 1st process is raw material supplier\u00a0inspection. Tongxing Packing has several raw materials and keep reaching new suppliers. If some supplier offer bad quality goods, we will remove it from the supply list and choose other suppliers. We will also go to supplier&#8217;s workshop every 3 monthes to make sure their workshop runs in good condition.<\/p><p>The 2nd process is in-come material inspection. Jewelry boxes and jewelry displays are highly customized, the raw mateirals changes a lots. QC men need to check the quality as well as meterial matching.<\/p><p>The 3nd process is pre-production inspection. Every production line has a leader who need to check all materials according to production\u00a0order the day before production time.\u00a0<\/p><p>The 4rd process is\u00a0flowing QC. Some people keep walking around and inspecting production line\u00a0randomly.<\/p><p>The 5th process is regular QC. Every production line has a QC man at the end of production.<\/p><p>Jewelry boxes and jewelry display could be packed into cartons only if they passed all these 5 production quality process.\u00a0<\/p>\t\t\t\t\t\t\t\t<\/div>\n\t\t\t\t<\/div>\n\t\t\t\t\t<\/div>\n\t\t\t\t<\/div>\n\t\t\t\t<section class=\"elementor-section elementor-top-section elementor-element elementor-element-9847b28 elementor-section-boxed elementor-section-height-default elementor-section-height-default\" data-id=\"9847b28\" data-element_type=\"section\" data-e-type=\"section\" data-settings=\"{&quot;background_background&quot;:&quot;classic&quot;}\">\n\t\t\t\t\t\t\t<div class=\"elementor-background-overlay\"><\/div>\n\t\t\t\t\t\t\t<div class=\"elementor-container elementor-column-gap-default\">\n\t\t\t\t\t<div class=\"elementor-column elementor-col-100 elementor-top-column elementor-element elementor-element-1d30d28 elementor-invisible\" data-id=\"1d30d28\" data-element_type=\"column\" data-e-type=\"column\" data-settings=\"{&quot;animation&quot;:&quot;fadeInLeft&quot;}\">\n\t\t\t<div class=\"elementor-widget-wrap elementor-element-populated\">\n\t\t\t\t\t\t<div class=\"elementor-element elementor-element-c060c16 elementor-align-center elementor-widget elementor-widget-button\" data-id=\"c060c16\" data-element_type=\"widget\" data-e-type=\"widget\" data-widget_type=\"button.default\">\n\t\t\t\t\t\t\t\t\t\t<a class=\"elementor-button elementor-button-link elementor-size-md\" href=\"https:\/\/jewelrypackage.com\/contact\/\">\n\t\t\t\t\t\t<span class=\"elementor-button-content-wrapper\">\n\t\t\t\t\t\t\t\t\t<span class=\"elementor-button-text\">Discover more<\/span>\n\t\t\t\t\t<\/span>\n\t\t\t\t\t<\/a>\n\t\t\t\t\t\t\t\t<\/div>\n\t\t\t\t\t<\/div>\n\t\t<\/div>\n\t\t\t\t\t<\/div>\n\t\t<\/section>\n\t\t\t\t<section class=\"elementor-section elementor-top-section elementor-element elementor-element-764e9b4 elementor-section-boxed elementor-section-height-default elementor-section-height-default\" data-id=\"764e9b4\" data-element_type=\"section\" data-e-type=\"section\" data-settings=\"{&quot;background_background&quot;:&quot;classic&quot;}\">\n\t\t\t\t\t\t\t<div class=\"elementor-background-overlay\"><\/div>\n\t\t\t\t\t\t\t<div class=\"elementor-container elementor-column-gap-default\">\n\t\t\t\t\t<div class=\"elementor-column elementor-col-100 elementor-top-column elementor-element elementor-element-311f9fb elementor-invisible\" data-id=\"311f9fb\" data-element_type=\"column\" data-e-type=\"column\" data-settings=\"{&quot;animation&quot;:&quot;fadeInUp&quot;}\">\n\t\t\t<div class=\"elementor-widget-wrap elementor-element-populated\">\n\t\t\t\t\t\t<div class=\"elementor-element elementor-element-b9413df elementor-widget elementor-widget-heading\" data-id=\"b9413df\" data-element_type=\"widget\" data-e-type=\"widget\" data-widget_type=\"heading.default\">\n\t\t\t\t\t<h2 class=\"elementor-heading-title elementor-size-default\">Heben Sie Ihre Schmuckmarke mit hochwertigen Verpackungen hervor<\/h2>\t\t\t\t<\/div>\n\t\t\t\t<div class=\"elementor-element elementor-element-9e921c2 elementor-widget elementor-widget-text-editor\" data-id=\"9e921c2\" data-element_type=\"widget\" data-e-type=\"widget\" data-widget_type=\"text-editor.default\">\n\t\t\t\t\t\t\t\t\t<p>Fordern Sie ein schnelles Angebot f\u00fcr individuelle Schmuckschatullen, Displays, Taschen und Eins\u00e4tze an - mit fachkundiger Beratung, schneller Bemusterung und zuverl\u00e4ssigen Lieferzeiten.<\/p>\t\t\t\t\t\t\t\t<\/div>\n\t\t\t\t<div class=\"elementor-element elementor-element-7bf016b elementor-mobile-align-center elementor-align-center elementor-widget elementor-widget-button\" data-id=\"7bf016b\" data-element_type=\"widget\" data-e-type=\"widget\" data-widget_type=\"button.default\">\n\t\t\t\t\t\t\t\t\t\t<a class=\"elementor-button elementor-button-link elementor-size-md\" href=\"https:\/\/jewelrypackage.com\/contact\/\">\n\t\t\t\t\t\t<span class=\"elementor-button-content-wrapper\">\n\t\t\t\t\t\t\t\t\t<span class=\"elementor-button-text\">Los geht's<\/span>\n\t\t\t\t\t<\/span>\n\t\t\t\t\t<\/a>\n\t\t\t\t\t\t\t\t<\/div>\n\t\t\t\t\t<\/div>\n\t\t<\/div>\n\t\t\t\t\t<\/div>\n\t\t<\/section>\n\t\t\t\t<\/div>","protected":false},"excerpt":{"rendered":"<p>Our Factory Packaging &amp; display solutions for jewelry brands. Our Packing Factory The Shenzhen factory has 300 skilled workers, covering 5000 square meters, it produces paper\u00a0jewelry box, plastic\u00a0jewelry box, velvet\u00a0jewelry box, gift box,\u00a0shopping bag, watch box,\u00a0jewerly tray\u00a0for\u00a0small quantity order and fast delivery order. Other factory is far away from the sea port, jewelry boxes &amp; [&hellip;]<\/p>\n","protected":false},"author":1,"featured_media":0,"parent":0,"menu_order":0,"comment_status":"closed","ping_status":"closed","template":"","meta":{"footnotes":""},"class_list":["post-112","page","type-page","status-publish","hentry"],"_links":{"self":[{"href":"https:\/\/jewelrypackage.com\/de\/wp-json\/wp\/v2\/pages\/112","targetHints":{"allow":["GET"]}}],"collection":[{"href":"https:\/\/jewelrypackage.com\/de\/wp-json\/wp\/v2\/pages"}],"about":[{"href":"https:\/\/jewelrypackage.com\/de\/wp-json\/wp\/v2\/types\/page"}],"author":[{"embeddable":true,"href":"https:\/\/jewelrypackage.com\/de\/wp-json\/wp\/v2\/users\/1"}],"replies":[{"embeddable":true,"href":"https:\/\/jewelrypackage.com\/de\/wp-json\/wp\/v2\/comments?post=112"}],"version-history":[{"count":52,"href":"https:\/\/jewelrypackage.com\/de\/wp-json\/wp\/v2\/pages\/112\/revisions"}],"predecessor-version":[{"id":1651,"href":"https:\/\/jewelrypackage.com\/de\/wp-json\/wp\/v2\/pages\/112\/revisions\/1651"}],"wp:attachment":[{"href":"https:\/\/jewelrypackage.com\/de\/wp-json\/wp\/v2\/media?parent=112"}],"curies":[{"name":"wp","href":"https:\/\/api.w.org\/{rel}","templated":true}]}}