{"id":108,"date":"2026-02-03T15:11:40","date_gmt":"2026-02-03T15:11:40","guid":{"rendered":"https:\/\/lightseagreen-pig-868220.hostingersite.com\/?page_id=108"},"modified":"2026-02-24T08:51:35","modified_gmt":"2026-02-24T08:51:35","slug":"company-introduction","status":"publish","type":"page","link":"https:\/\/jewelrypackage.com\/de\/company-introduction\/","title":{"rendered":"Vorstellung des Unternehmens"},"content":{"rendered":"<div data-elementor-type=\"wp-page\" data-elementor-id=\"108\" class=\"elementor elementor-108\" data-elementor-post-type=\"page\">\n\t\t\t\t\t\t<section class=\"elementor-section elementor-top-section elementor-element elementor-element-b12bef8 elementor-section-boxed elementor-section-height-default elementor-section-height-default\" data-id=\"b12bef8\" data-element_type=\"section\" data-e-type=\"section\" data-settings=\"{&quot;background_background&quot;:&quot;classic&quot;}\">\n\t\t\t\t\t\t\t<div class=\"elementor-background-overlay\"><\/div>\n\t\t\t\t\t\t\t<div class=\"elementor-container elementor-column-gap-default\">\n\t\t\t\t\t<div class=\"elementor-column elementor-col-100 elementor-top-column elementor-element elementor-element-3894a92\" data-id=\"3894a92\" data-element_type=\"column\" data-e-type=\"column\" data-settings=\"{&quot;background_background&quot;:&quot;classic&quot;}\">\n\t\t\t<div class=\"elementor-widget-wrap elementor-element-populated\">\n\t\t\t\t\t\t<div class=\"elementor-element elementor-element-698ad5c elementor-widget__width-initial elementor-invisible elementor-widget elementor-widget-heading\" data-id=\"698ad5c\" data-element_type=\"widget\" data-e-type=\"widget\" data-settings=\"{&quot;_animation&quot;:&quot;fadeInUp&quot;}\" data-widget_type=\"heading.default\">\n\t\t\t\t\t<h1 class=\"elementor-heading-title elementor-size-default\"> Shenzhen Tongxing Packing Co., Ltd.<\/h1>\t\t\t\t<\/div>\n\t\t\t\t<div class=\"elementor-element elementor-element-5a598e1 elementor-invisible elementor-widget elementor-widget-heading\" data-id=\"5a598e1\" data-element_type=\"widget\" data-e-type=\"widget\" data-settings=\"{&quot;_animation&quot;:&quot;fadeInUp&quot;,&quot;_animation_delay&quot;:200}\" data-widget_type=\"heading.default\">\n\t\t\t\t\t<h4 class=\"elementor-heading-title elementor-size-default\">A leading global manufacturer of jewelry packaging<\/h4>\t\t\t\t<\/div>\n\t\t\t\t\t<\/div>\n\t\t<\/div>\n\t\t\t\t\t<\/div>\n\t\t<\/section>\n\t\t\t\t<section class=\"elementor-section elementor-top-section elementor-element elementor-element-232caad elementor-section-boxed elementor-section-height-default elementor-section-height-default\" data-id=\"232caad\" data-element_type=\"section\" data-e-type=\"section\" data-settings=\"{&quot;background_background&quot;:&quot;classic&quot;}\">\n\t\t\t\t\t\t\t<div class=\"elementor-background-overlay\"><\/div>\n\t\t\t\t\t\t\t<div class=\"elementor-container elementor-column-gap-default\">\n\t\t\t\t\t<div class=\"elementor-column elementor-col-100 elementor-top-column elementor-element elementor-element-29ddc23 elementor-invisible\" data-id=\"29ddc23\" data-element_type=\"column\" data-e-type=\"column\" data-settings=\"{&quot;animation&quot;:&quot;fadeInLeft&quot;}\">\n\t\t\t<div class=\"elementor-widget-wrap elementor-element-populated\">\n\t\t\t\t\t\t<div class=\"elementor-element elementor-element-107f003 elementor-widget elementor-widget-heading\" data-id=\"107f003\" data-element_type=\"widget\" data-e-type=\"widget\" data-widget_type=\"heading.default\">\n\t\t\t\t\t<h6 class=\"elementor-heading-title elementor-size-default\">about us<\/h6>\t\t\t\t<\/div>\n\t\t\t\t<div class=\"elementor-element elementor-element-ae92a32 elementor-widget elementor-widget-heading\" data-id=\"ae92a32\" data-element_type=\"widget\" data-e-type=\"widget\" data-widget_type=\"heading.default\">\n\t\t\t\t\t<h2 class=\"elementor-heading-title elementor-size-default\">Tongxing Packing <\/h2>\t\t\t\t<\/div>\n\t\t\t\t<div class=\"elementor-element elementor-element-46daa9f elementor-widget elementor-widget-text-editor\" data-id=\"46daa9f\" data-element_type=\"widget\" data-e-type=\"widget\" data-widget_type=\"text-editor.default\">\n\t\t\t\t\t\t\t\t\t<p>Established in 2004, Shenzhen Tongxing Packing Co., Ltd specializes in producing jewelry boxes, jewellery displays, jewels pouches, jewelry organizers, shopping bags, jewelry tray, watch boxes, and gift packaging box for 21 years.<\/p><p>Tongxing Packing owns 5 factories, 4 exhibition halls, a R&amp;D center and a head office located all over China mainland to offer most intuitive, professional service and fast delivery time. Salary and price of raw material in the Middle Land are much lower than it is in Shenzhen, Tongxing Packing moves factories there lowers down production cost and offers a lot of better job in the middle land. Good thing to Tongxing, government and workmen there.<\/p><p>The head office is located in Shenzhen city with 1 exhibition hall, 1 factory and 1 R&amp;D center. The R&amp;D center produces customized samples for jewelry box and display props. Clients could get a few samples very fast to check the quality of jewelry package in their design. This team also prepare jewelry packaging boxes for exhibitions.<\/p><p>The Shenzhen factory has 300 skilled workers, covering 5000 square meters, it produces paper jewelry box, plastic jewelry box, velvet jewelry box, gift box, shopping bag, watch box, jewerly tray for small quantity order and fast delivery order. Other factory is far away from the sea port, jewelry boxes &amp; jewelry displays produced there takes extra times from the middle land city to Shenzhen, that&#8217;s why Tongxing keep this factory here.<\/p><p>The Xiangyang factory has 970 employees and 17,000 square meters workshop. It is a stronger &amp; bigger &amp; updated Shenzhen factory. The main products of this factory are jewellery packaging boxes, paper shopping bags, gift packaging boxes and watch packaging boxes. More skillful workmen makes the production time be shorter.<\/p><p>The Qingxi factory produces jewelry display props &amp; display tray, they are handcaraft with a long production time.<\/p><p>The Beihai factory is updated Dongguan factory, produce jewelry display props &amp; display tray, they are handcaraft as well. Again, it could shorten the production time because of larger workshop and more workmen.<\/p><p>The Dongguan factory produce jewelry organizer boxes only. It includes travel jewelry organizer, wood jewelry organizer and so on.<\/p><p>These 4 exhibition halls are located in biggest city in China, they are Beijing, Shenzhen, Hangzhou. The last one is e-halls for business. All customers could go to the nearest hall and see jewelry boxes and displays in China.<\/p><p>Forthermore, Tongxing also have one oversea sales department to serve all jewelry brands oversea.<\/p>\t\t\t\t\t\t\t\t<\/div>\n\t\t\t\t<div class=\"elementor-element elementor-element-5425397 elementor-align-center elementor-widget elementor-widget-button\" data-id=\"5425397\" data-element_type=\"widget\" data-e-type=\"widget\" data-widget_type=\"button.default\">\n\t\t\t\t\t\t\t\t\t\t<a class=\"elementor-button elementor-button-link elementor-size-md\" href=\"https:\/\/jewelrypackage.com\/contact\/\">\n\t\t\t\t\t\t<span class=\"elementor-button-content-wrapper\">\n\t\t\t\t\t\t\t\t\t<span class=\"elementor-button-text\">Discover more<\/span>\n\t\t\t\t\t<\/span>\n\t\t\t\t\t<\/a>\n\t\t\t\t\t\t\t\t<\/div>\n\t\t\t\t\t<\/div>\n\t\t<\/div>\n\t\t\t\t\t<\/div>\n\t\t<\/section>\n\t\t\t\t<section class=\"elementor-section elementor-top-section elementor-element elementor-element-115f457 elementor-section-boxed elementor-section-height-default elementor-section-height-default\" data-id=\"115f457\" data-element_type=\"section\" data-e-type=\"section\" data-settings=\"{&quot;background_background&quot;:&quot;classic&quot;}\">\n\t\t\t\t\t\t\t<div class=\"elementor-background-overlay\"><\/div>\n\t\t\t\t\t\t\t<div class=\"elementor-container elementor-column-gap-default\">\n\t\t\t\t\t<div class=\"elementor-column elementor-col-100 elementor-top-column elementor-element elementor-element-e2e7b9d elementor-invisible\" data-id=\"e2e7b9d\" data-element_type=\"column\" data-e-type=\"column\" data-settings=\"{&quot;animation&quot;:&quot;fadeInUp&quot;}\">\n\t\t\t<div class=\"elementor-widget-wrap elementor-element-populated\">\n\t\t\t\t\t\t<div class=\"elementor-element elementor-element-87b222e elementor-widget elementor-widget-heading\" data-id=\"87b222e\" data-element_type=\"widget\" data-e-type=\"widget\" data-widget_type=\"heading.default\">\n\t\t\t\t\t<h2 class=\"elementor-heading-title elementor-size-default\">Heben Sie Ihre Schmuckmarke mit hochwertigen Verpackungen hervor<\/h2>\t\t\t\t<\/div>\n\t\t\t\t<div class=\"elementor-element elementor-element-d00e316 elementor-widget elementor-widget-text-editor\" data-id=\"d00e316\" data-element_type=\"widget\" data-e-type=\"widget\" data-widget_type=\"text-editor.default\">\n\t\t\t\t\t\t\t\t\t<p>Fordern Sie ein schnelles Angebot f\u00fcr individuelle Schmuckschatullen, Displays, Taschen und Eins\u00e4tze an - mit fachkundiger Beratung, schneller Bemusterung und zuverl\u00e4ssigen Lieferzeiten.<\/p>\t\t\t\t\t\t\t\t<\/div>\n\t\t\t\t<div class=\"elementor-element elementor-element-da44db1 elementor-mobile-align-center elementor-align-center elementor-widget elementor-widget-button\" data-id=\"da44db1\" data-element_type=\"widget\" data-e-type=\"widget\" data-widget_type=\"button.default\">\n\t\t\t\t\t\t\t\t\t\t<a class=\"elementor-button elementor-button-link elementor-size-md\" href=\"https:\/\/jewelrypackage.com\/contact\/\">\n\t\t\t\t\t\t<span class=\"elementor-button-content-wrapper\">\n\t\t\t\t\t\t\t\t\t<span class=\"elementor-button-text\">Los geht's<\/span>\n\t\t\t\t\t<\/span>\n\t\t\t\t\t<\/a>\n\t\t\t\t\t\t\t\t<\/div>\n\t\t\t\t\t<\/div>\n\t\t<\/div>\n\t\t\t\t\t<\/div>\n\t\t<\/section>\n\t\t\t\t<\/div>","protected":false},"excerpt":{"rendered":"<p>Shenzhen Tongxing Packing Co., Ltd. A leading global manufacturer of jewelry packaging about us Tongxing Packing Established in 2004, Shenzhen Tongxing Packing Co., Ltd specializes in producing jewelry boxes, jewellery displays, jewels pouches, jewelry organizers, shopping bags, jewelry tray, watch boxes, and gift packaging box for 21 years. Tongxing Packing owns 5 factories, 4 exhibition [&hellip;]<\/p>\n","protected":false},"author":1,"featured_media":0,"parent":0,"menu_order":0,"comment_status":"closed","ping_status":"closed","template":"","meta":{"footnotes":""},"class_list":["post-108","page","type-page","status-publish","hentry"],"_links":{"self":[{"href":"https:\/\/jewelrypackage.com\/de\/wp-json\/wp\/v2\/pages\/108","targetHints":{"allow":["GET"]}}],"collection":[{"href":"https:\/\/jewelrypackage.com\/de\/wp-json\/wp\/v2\/pages"}],"about":[{"href":"https:\/\/jewelrypackage.com\/de\/wp-json\/wp\/v2\/types\/page"}],"author":[{"embeddable":true,"href":"https:\/\/jewelrypackage.com\/de\/wp-json\/wp\/v2\/users\/1"}],"replies":[{"embeddable":true,"href":"https:\/\/jewelrypackage.com\/de\/wp-json\/wp\/v2\/comments?post=108"}],"version-history":[{"count":22,"href":"https:\/\/jewelrypackage.com\/de\/wp-json\/wp\/v2\/pages\/108\/revisions"}],"predecessor-version":[{"id":1645,"href":"https:\/\/jewelrypackage.com\/de\/wp-json\/wp\/v2\/pages\/108\/revisions\/1645"}],"wp:attachment":[{"href":"https:\/\/jewelrypackage.com\/de\/wp-json\/wp\/v2\/media?parent=108"}],"curies":[{"name":"wp","href":"https:\/\/api.w.org\/{rel}","templated":true}]}}